{"id":141074,"date":"2025-08-01T07:53:22","date_gmt":"2025-07-31T22:53:22","guid":{"rendered":"https:\/\/mosaicdouga.com\/wp\/?product=%e5%80%8b%e5%ae%a4%e3%83%8d%e3%83%83%e3%83%88%e3%82%ab%e3%83%95%e3%82%a7xxx%e6%98%a0%e5%83%8f-4%e6%99%82%e9%96%93"},"modified":"2026-02-11T18:32:03","modified_gmt":"2026-02-11T09:32:03","slug":"%e5%80%8b%e5%ae%a4%e3%83%8d%e3%83%83%e3%83%88%e3%82%ab%e3%83%95%e3%82%a7xxx%e6%98%a0%e5%83%8f-4%e6%99%82%e9%96%93","status":"publish","type":"product","link":"https:\/\/mosaicdouga.com\/?product=%e5%80%8b%e5%ae%a4%e3%83%8d%e3%83%83%e3%83%88%e3%82%ab%e3%83%95%e3%82%a7xxx%e6%98%a0%e5%83%8f-4%e6%99%82%e9%96%93","title":{"rendered":"\u500b\u5ba4\u30cd\u30c3\u30c8\u30ab\u30d5\u30a7\u00d7\u00d7\u00d7\u6620\u50cf 4\u6642\u9593"},"content":{"rendered":"<p>\u30cd\u30c3\u30c8\u30ab\u30d5\u30a7\u306e\u30ab\u30e1\u30e9\u306b\u9332\u753b\u3055\u308c\u3066\u3044\u305f\u751f\u3005\u3057\u3044\u30ab\u30c3\u30d7\u30eb\u9054\u306e\u7325\u893b\u884c\u70ba\u3002\u96a3\u306b\u805e\u3053\u3048\u306a\u3044\u304b\u5fc3\u81d3\u3092\u30d0\u30af\u30d0\u30af\u3055\u305b\u72ed\u3044\u5ba4\u5185\u3067\u5fc5\u7136\u7684\u306b\u5bc6\u7740\u3059\u308b\u30ab\u30c3\u30d7\u30eb\u9054\u3002\u30df\u30cb\u30b9\u30ab\u7d20\u4eba\u5a18\u306f\u3001\u30d2\u30bd\u30d2\u30bd\u58f0\u3067\u30a8\u30ed\u3044\u3053\u3068\u3092\u56c1\u304b\u308c\u3066\u65e2\u306b\u304a\u80a1\u306f\u30cc\u30ec\u30cc\u30ec\uff01\u7537\u306b\u624b\u30de\u30f3\u3055\u308c\u3001\u5598\u304e\u58f0\u3092\u624b\u3067\u6291\u3048\u3066\u3082\u30d4\u30c1\u30e3\u30d4\u30c1\u30e3\u3068\u5351\u7325\u306a\u97f3\u306f\u97ff\u3044\u3066\u3057\u307e\u3046\uff01\u305d\u308c\u3067\u3082\u6e80\u8db3\u51fa\u6765\u306a\u3044\u30ae\u30e3\u30eb\u306f\u4f53\u4f4d\u3092\u5909\u3048\u306a\u304c\u3089\u672c\u756a\u306b\u306a\u308a\u3001\u30b9\u30ea\u30eb\u3092\u611f\u3058\u306a\u304c\u3089\u500b\u5ba4\u7a7a\u9593\u3067\u30a4\u30ad\u307e\u304f\u308b\u3002<\/p>\n","protected":false},"excerpt":{"rendered":"<p>\u5973\u512a\uff1a\u3000\u767a\u58f2\u65e52017\/3\/24\u3000\u6642\u9593240\u5206\u3000\u30ec\u30fc\u30d9\u30eb\uff1a\u304a\u304b\u305a\u3002\u3000\u30b7\u30ea\u30fc\u30ba\uff1a\u3000\u76e3\u7763\uff1a\u30c7\u30a3\u30c3\u30af\u4e07\u6bd2<\/p>\n","protected":false},"featured_media":5001,"comment_status":"open","ping_status":"closed","template":"","meta":[],"product_brand":[1584],"product_cat":[13872],"product_tag":[325,268,1320,1266,1213,255],"class_list":{"0":"post-141074","1":"product","2":"type-product","3":"status-publish","4":"has-post-thumbnail","6":"product_brand-1584","7":"product_cat-13872","8":"product_tag-325","9":"product_tag-268","10":"product_tag-1320","11":"product_tag-1266","12":"product_tag-1213","13":"product_tag-255","15":"first","16":"instock","17":"shipping-taxable","18":"purchasable","19":"product-type-simple"},"_links":{"self":[{"href":"https:\/\/mosaicdouga.com\/index.php?rest_route=\/wp\/v2\/product\/141074","targetHints":{"allow":["GET"]}}],"collection":[{"href":"https:\/\/mosaicdouga.com\/index.php?rest_route=\/wp\/v2\/product"}],"about":[{"href":"https:\/\/mosaicdouga.com\/index.php?rest_route=\/wp\/v2\/types\/product"}],"replies":[{"embeddable":true,"href":"https:\/\/mosaicdouga.com\/index.php?rest_route=%2Fwp%2Fv2%2Fcomments&post=141074"}],"wp:featuredmedia":[{"embeddable":true,"href":"https:\/\/mosaicdouga.com\/index.php?rest_route=\/wp\/v2\/media\/5001"}],"wp:attachment":[{"href":"https:\/\/mosaicdouga.com\/index.php?rest_route=%2Fwp%2Fv2%2Fmedia&parent=141074"}],"wp:term":[{"taxonomy":"product_brand","embeddable":true,"href":"https:\/\/mosaicdouga.com\/index.php?rest_route=%2Fwp%2Fv2%2Fproduct_brand&post=141074"},{"taxonomy":"product_cat","embeddable":true,"href":"https:\/\/mosaicdouga.com\/index.php?rest_route=%2Fwp%2Fv2%2Fproduct_cat&post=141074"},{"taxonomy":"product_tag","embeddable":true,"href":"https:\/\/mosaicdouga.com\/index.php?rest_route=%2Fwp%2Fv2%2Fproduct_tag&post=141074"}],"curies":[{"name":"wp","href":"https:\/\/api.w.org\/{rel}","templated":true}]}}