{"id":180469,"date":"2025-08-05T13:29:20","date_gmt":"2025-08-05T04:29:20","guid":{"rendered":"https:\/\/mosaicdouga.com\/wp\/?product=%e3%81%a8%e3%81%82%e3%82%8b%e5%a5%b3%e3%81%ae%e8%87%aa%e6%a5%ad%e5%be%97%e9%9b%8602"},"modified":"2026-02-11T00:40:12","modified_gmt":"2026-02-10T15:40:12","slug":"%e3%81%a8%e3%81%82%e3%82%8b%e5%a5%b3%e3%81%ae%e8%87%aa%e6%a5%ad%e5%be%97%e9%9b%8602","status":"publish","type":"product","link":"https:\/\/mosaicdouga.com\/?product=%e3%81%a8%e3%81%82%e3%82%8b%e5%a5%b3%e3%81%ae%e8%87%aa%e6%a5%ad%e5%be%97%e9%9b%8602","title":{"rendered":"\u3068\u3042\u308b\u5973\u306e\u81ea\u696d\u5f97\u96c602"},"content":{"rendered":"<p>\u300c\u6a21\u5023\u3068\u306f\u81ea\u5206\u3067\u5de5\u592b\u3057\u3066\u4f5c\u308a\u51fa\u3059\u306e\u3067\u306f\u306a\u304f\u3001\u65e2\u306b\u3067\u304d\u3066\u3044\u308b\u3082\u306e\u3092\u771f\u4f3c\u308b\u3053\u3068\u300d\u307e\u3055\u3057\u304f\u3053\u306e\u64ae\u5f71\u8005\u306b\u30d4\u30c3\u30bf\u30ea\u306e\u8a00\u8449\u3067\u3042\u308b\u3002\u3053\u306e\u64ae\u5f71\u8005\u306f\u4eca\u3001\u88cf\u754c\u9688\u3067\u58f2\u308c\u3066\u3044\u308b\u52d5\u753b\u3092\u771f\u4f3c\u3066\u64ae\u5f71\u3057\u3066\u3044\u308b\u6a21\u5023\u7537\u3067\u3059\u3002\u305d\u306e\u58f2\u308c\u3066\u3044\u308b\u52d5\u753b\u3068\u306f\u304a\u76ee\u5f53\u3066\u306e\u5973\u6027\u3092\u8857\u4e2d\u3067\u898b\u3064\u3051\u3001\u5f8c\u3092\u3064\u3051\u3066\u98f2\u307f\u7269\u306b\u85ac\u3092\u4ed5\u8fbc\u307f\u5bdd\u304b\u305b\u3066\u00d7\u00d7\u00d7\u3059\u308b\u5185\u5bb9\u306e\u52d5\u753b\u3067\u3059\u3002SNS\u3067\u304a\u91d1\u306b\u56f0\u3063\u3066\u3044\u308b\u5973\u306e\u5b50\u306e\u5f31\u307f\u306b\u4ed8\u3051\u8fbc\u3093\u3067\u5353\u98f2\u307f\u3068\u79f0\u3057\u3066\u81ea\u5b85\u306b\u9023\u308c\u8fbc\u307f\u3001\u98f2\u307f\u7269\u306b\u85ac\u3092\u4ed5\u8fbc\u307f\u5bdd\u304b\u305b\u3066\u00d7\u00d7\u00d7\u3059\u308b\u52d5\u753b\u3092\u64ae\u5f71\u3057\u3066\u3044\u308b\u6700\u4f4e\u306e\u7537\u3067\u3059\u3002\u4eba\u6c17\u304c\u3042\u308b\u52d5\u753b\u3092\u771f\u4f3c\u305f\u3044\u6c17\u6301\u3061\u306f\u308f\u304b\u308b\u306e\u3067\u3059\u304c\u3001\u308f\u3056\u308f\u3056\u3053\u306e\u52d5\u753b\u3092\u771f\u4f3c\u308b\u5f7c\u306e\u8003\u3048\u306f\u7406\u89e3\u3057\u304c\u305f\u3044\u90e8\u5206\u3067\u3082\u3042\u308b\u306e\u3067\u3059\u304c\u3001\u5f7c\u306f\u306a\u305c\u3053\u306e\u52d5\u753b\u3092\u771f\u4f3c\u3066\u4f5c\u308d\u3046\u3068\u601d\u3063\u305f\u306e\u3067\u3057\u3087\u3046\u304b\u3002\u305f\u3060\u306e\u304a\u91d1\u3092\u7a3c\u3050\u305f\u3081\u306e\u624b\u6bb5\u3060\u3063\u305f\u306e\u304b\u2026\u3002\u3057\u304b\u3057\u3001\u58f2\u308c\u3066\u3044\u308b\u52d5\u753b\u3092\u771f\u4f3c\u3066\u4f5c\u3063\u305f\u3068\u3057\u3066\u3082\u58f2\u308c\u308b\u4fdd\u8a3c\u306f\u3042\u308a\u307e\u305b\u3093\u3057\u3001\u52d5\u753b\u306e\u5185\u5bb9\u7684\u306b\u3082\u898b\u3064\u304b\u308c\u3070\u6355\u307e\u308b\u53ef\u80fd\u6027\u306e\u3042\u308b\u30ea\u30b9\u30af\u304c\u3042\u308b\u884c\u70ba\u3067\u3059\u3002\u3053\u306e\u7537\u306e\u52d5\u753b\u3092\u307f\u3066\u3044\u308b\u3068\u305f\u3060\u306e\u304a\u91d1\u5132\u3051\u3060\u3051\u3067\u64ae\u5f71\u3057\u3066\u3044\u308b\u611f\u3058\u3067\u306f\u3042\u308a\u307e\u305b\u3093\u3002\u666e\u6bb5\u304b\u3089\u5973\u6027\u306b\u76f8\u624b\u306b\u3055\u308c\u306a\u3044\u7537\u304cSNS\u3092\u4f7f\u3044\u7c21\u5358\u306b\u5973\u306e\u5b50\u3092\u547c\u3073\u51fa\u3057\u3001\u62b5\u6297\u3055\u308c\u308b\u3053\u3068\u3082\u306a\u304f\u00d7\u00d7\u00d7\u51fa\u6765\u308b\u624b\u6bb5\u3092\u898b\u3064\u3051\u3066\u64ae\u5f71\u3057\u3066\u3044\u308b\u611f\u3058\u306a\u3093\u3060\u3068\u601d\u3044\u307e\u3059\u3002\u3053\u306e\u52d5\u753b\u3067\u3069\u306e\u304f\u3089\u3044\u5132\u3051\u3089\u308c\u3066\u3044\u308b\u306e\u304b\u308f\u304b\u308a\u307e\u305b\u3093\u304c\u3001\u30ea\u30b9\u30af\u306e\u3042\u308b\u884c\u70ba\u306a\u306e\u306f\u9055\u3044\u3042\u308a\u307e\u305b\u3093\u3002\u65e5\u672c\u3067\u3053\u3093\u306a\u4e8b\u304c\u884c\u308f\u308c\u3066\u3044\u308b\u306a\u3093\u3066\u6d77\u5916\u306e\u65b9\u3005\u304c\u307f\u3066\u3082\u30b7\u30e7\u30c3\u30af\u3060\u3068\u601d\u3044\u307e\u3059\u304c\u3001\u65e5\u672c\u306b\u4f4f\u3093\u3067\u3044\u308b\u79c1\u3067\u3082\u30b7\u30e7\u30c3\u30ad\u30f3\u30b0\u306a\u51fa\u6765\u4e8b\u3067\u3059\u3002\u3044\u307e\u307e\u3067\u3001\u79c1\u81ea\u8eab\u304c\u77e5\u3089\u306a\u304b\u3063\u305f\u3060\u3051\u3067\u88cf\u3067\u306f\u3053\u3093\u306a\u3053\u3068\u304c\u65e5\u5e38\u7684\u306b\u8d77\u3053\u3063\u3066\u3044\u308b\u306e\u3060\u3068\u601d\u3046\u3068\u6050\u6016\u3092\u611f\u3058\u307e\u3059\u3002\u65e5\u672c\u306e\u5b89\u5168\u795e\u8a71\u306a\u3093\u3066\u3082\u306e\u306f\u3001\u3082\u3068\u304b\u3089\u7121\u304b\u3063\u305f\u306e\u3060\u3068\u601d\u3044\u307e\u3059\u3002\u79c1\u306b\u306f\u4e00\u3064\u7591\u554f\u70b9\u304c\u3042\u308a\u307e\u3059\u3002\u305d\u308c\u306f\u3001\u3053\u3093\u306a\u306b\u591a\u304f\u306e\u5973\u306e\u5b50\u305f\u3061\u304c\u72d9\u308f\u308c\u3066\u3044\u308b\u306e\u306b\u3082\u95a2\u308f\u3089\u305a\u3001\u4e00\u5207\u30cb\u30e5\u30fc\u30b9\u3084\u4e8b\u4ef6\u306b\u306a\u3063\u3066\u3044\u306a\u3044\u4e8b\u306b\u7591\u554f\u3092\u611f\u3058\u3066\u3044\u307e\u3059\u3002\u6bce\u56de\u3001\u3053\u306e\u64ae\u5f71\u8005\u304b\u3089\u6e21\u3055\u308c\u308b\u52d5\u753b\u306b\u306f\u884c\u70ba\u3060\u3051\u304c\u64ae\u5f71\u3055\u308c\u3066\u3044\u3066\u305d\u306e\u5f8c\u306e\u72b6\u6cc1\u304c\u4e00\u5207\u6620\u3063\u3066\u3044\u306a\u304b\u3063\u305f\u306e\u3067\u8abf\u3079\u308b\u4e8b\u3082\u51fa\u6765\u307e\u305b\u3093\u3067\u3057\u305f\u3002\u672c\u4eba\u304b\u3089\u76f4\u63a5\u805e\u304f\u306e\u304c\u65e9\u3044\u306e\u3067\u3059\u304c\u805e\u304f\u306e\u304c\u6016\u3044\u306e\u3068\u3001\u305d\u3053\u307e\u3067\u6df1\u5800\u308a\u3057\u306a\u304f\u3066\u3082\u3044\u3044\u304b\u306a\u3068\u601d\u3063\u3066\u3057\u307e\u3063\u3066\u3044\u308b\u304b\u3089\u3067\u3059\u3002\u3067\u3059\u304c\u3001\u30ab\u30e1\u30e9\u306e\u9332\u753b\u30dc\u30bf\u30f3\u304c\u6b62\u307e\u3063\u305f\u5f8c\u306e\u72b6\u6cc1\u306f\u4e00\u4f53\u3069\u3093\u306a\u611f\u3058\u306b\u306a\u3063\u3066\u3044\u308b\u306e\u3067\u3057\u3087\u3046\u304b\u3002\u3044\u307e\u307e\u3067\u4f55\u306e\u554f\u984c\u306b\u3082\u306a\u3063\u3066\u3044\u306a\u3044\u306e\u306f\u5947\u8de1\u7684\u306a\u306e\u304b\u3001\u305d\u308c\u3068\u3082\u5ff5\u5165\u308a\u306b\u8a08\u753b\u3055\u308c\u305f\u884c\u70ba\u306a\u306e\u3067\u3057\u3087\u3046\u304b\u3002\u3053\u306e\u64ae\u5f71\u8005\u304c\u7c21\u5358\u306b\u5973\u306e\u5b50\u305f\u3061\u3092\u547c\u3073\u51fa\u3057\u3066\u25cf\u3059\u884c\u70ba\u304c\u51fa\u6765\u308b\u306a\u3093\u3066\u3001\u3053\u306e\u4eba\u306b\u3068\u3063\u3066\u5973\u306e\u5b50\u306f\u4eba\u3067\u306f\u306a\u304f\u3066\u305f\u3060\u306e\u7269\u306a\u3093\u3060\u306a\u3068\u601d\u3044\u307e\u3059\u3002\u3060\u304b\u3089\u4f55\u306e\u611f\u60c5\u3082\u7121\u304f\u3001\u3053\u3093\u306a\u884c\u70ba\u304c\u51fa\u6765\u308b\u3093\u3067\u3059\u306d\u3002\u5c48\u6298\u3057\u305f\u6027\u6b32\u3092\u3053\u3093\u306a\u4e8b\u3092\u3057\u306a\u3044\u3068\u767a\u6563\u3067\u304d\u306a\u3044\u3053\u306e\u64ae\u5f71\u8005\u306b\u306f\u540c\u60c5\u3067\u304d\u307e\u305b\u3093\u3057\u6700\u4f4e\u306a\u884c\u70ba\u3060\u3068\u601d\u3044\u307e\u3059\u304c\u79c1\u3082\u76ee\u5148\u306e\u304a\u91d1\u306e\u70ba\u3060\u3051\u306b\u3001\u3053\u306e\u64ae\u5f71\u8005\u306e\u52d5\u753b\u3092\u8ca9\u58f2\u3059\u308b\u3053\u3068\u306b\u5354\u529b\u3057\u3066\u3057\u307e\u3063\u3066\u3044\u308b\u306e\u3067\u72af\u7f6a\u306e\u7247\u68d2\u3092\u62c5\u3044\u3067\u3044\u308b\u3053\u3068\u306b\u5909\u308f\u308a\u306f\u3042\u308a\u307e\u305b\u3093\u3002\u4eca\u56de\u30826\u4eba\u306e\u5973\u306e\u5b50\u305f\u3061\u304c\u30bf\u30fc\u30b2\u30c3\u30c8\u306b\u3055\u308c\u3066\u3044\u307e\u3059\u3002\u304a\u91d1\u306b\u56f0\u3063\u3066\u3044\u308b\u5973\u5b50\u5927\u751f\u3001\u6b6f\u79d1\u885b\u751f\u58eb\u3084\u81ea\u5b85\u306b\u547c\u3093\u3060\u3080\u3061\u30b1\u30c4\u306a\u30c7\u30ea\u30d8\u30eb\u5b22\u305f\u3061\u306b\u30bf\u30fc\u30b2\u30c3\u30c8\u3092\u7d5e\u308a\u72d9\u3063\u3066\u304a\u308a\u307e\u3059\u3002\u30c7\u30ea\u30d8\u30eb\u5b22\u3092\u81ea\u5b85\u306b\u547c\u3093\u3067\u305d\u306e\u307e\u307e\u00d7\u00d7\u00d7\u3059\u308b\u306a\u3093\u3066\u4e8b\u4ef6\u306b\u306a\u308b\u3053\u3068\u3092\u899a\u609f\u3057\u305f\u884c\u70ba\u3060\u3068\u601d\u3044\u307e\u3059\u3002\u5973\u6027\u306e\u5f31\u307f\u306b\u4ed8\u3051\u8fbc\u3093\u3067\u53ef\u611b\u3044\u5b50\u305f\u3061\u3092\u72d9\u3046\u306a\u3093\u3066\u6700\u4f4e\u306a\u884c\u70ba\u3067\u3059\u3002\u3057\u304b\u3057\u3053\u306e\u64ae\u5f71\u8005\u3068\u540c\u3058\u5883\u9047\u306e\u65b9\u3005\u306b\u3068\u3063\u3066\u306f\u8208\u596e\u51fa\u6765\u308b\u52d5\u753b\u306a\u3093\u3060\u3068\u601d\u3044\u307e\u3059\u3002\u79c1\u3082\u6355\u307e\u308b\u30ea\u30b9\u30af\u306e\u3042\u308b\u3053\u306e\u4ed5\u4e8b\u3092\u3044\u3064\u307e\u3067\u7d9a\u3051\u308b\u306e\u304b\u60a9\u307f\u3069\u3053\u308d\u3067\u3059\u3002<\/p>\n","protected":false},"excerpt":{"rendered":"<p>\u5973\u512a\uff1a\u3000\u767a\u58f2\u65e52023\/11\/3\u3000\u6642\u9593300\u5206\u3000\u30ec\u30fc\u30d9\u30eb\uff1a\u3000\u30b7\u30ea\u30fc\u30ba\uff1a\u3068\u3042\u308b\u5973\u306e\u81ea\u696d\u5f97\u96c6\u3000\u76e3\u7763\uff1a<\/p>\n","protected":false},"featured_media":44272,"comment_status":"open","ping_status":"closed","template":"","meta":[],"product_brand":[1643],"product_cat":[17976],"product_tag":[325,1391,1215,255,1305,1332],"class_list":{"0":"post-180469","1":"product","2":"type-product","3":"status-publish","4":"has-post-thumbnail","6":"product_brand-1643","7":"product_cat-17976","8":"product_tag-325","9":"product_tag-1391","10":"product_tag-1215","11":"product_tag-255","12":"product_tag-1305","13":"product_tag-1332","15":"first","16":"instock","17":"shipping-taxable","18":"purchasable","19":"product-type-simple"},"_links":{"self":[{"href":"https:\/\/mosaicdouga.com\/index.php?rest_route=\/wp\/v2\/product\/180469","targetHints":{"allow":["GET"]}}],"collection":[{"href":"https:\/\/mosaicdouga.com\/index.php?rest_route=\/wp\/v2\/product"}],"about":[{"href":"https:\/\/mosaicdouga.com\/index.php?rest_route=\/wp\/v2\/types\/product"}],"replies":[{"embeddable":true,"href":"https:\/\/mosaicdouga.com\/index.php?rest_route=%2Fwp%2Fv2%2Fcomments&post=180469"}],"wp:featuredmedia":[{"embeddable":true,"href":"https:\/\/mosaicdouga.com\/index.php?rest_route=\/wp\/v2\/media\/44272"}],"wp:attachment":[{"href":"https:\/\/mosaicdouga.com\/index.php?rest_route=%2Fwp%2Fv2%2Fmedia&parent=180469"}],"wp:term":[{"taxonomy":"product_brand","embeddable":true,"href":"https:\/\/mosaicdouga.com\/index.php?rest_route=%2Fwp%2Fv2%2Fproduct_brand&post=180469"},{"taxonomy":"product_cat","embeddable":true,"href":"https:\/\/mosaicdouga.com\/index.php?rest_route=%2Fwp%2Fv2%2Fproduct_cat&post=180469"},{"taxonomy":"product_tag","embeddable":true,"href":"https:\/\/mosaicdouga.com\/index.php?rest_route=%2Fwp%2Fv2%2Fproduct_tag&post=180469"}],"curies":[{"name":"wp","href":"https:\/\/api.w.org\/{rel}","templated":true}]}}