{"id":180923,"date":"2025-08-05T14:37:47","date_gmt":"2025-08-05T05:37:47","guid":{"rendered":"https:\/\/mosaicdouga.com\/wp\/?product=%e3%82%b6%e3%83%bb%e3%83%ac%e2%97%8f%e3%83%97-%e9%bb%92%e4%ba%ba%e3%81%ae%e3%81%84%e3%81%91%e3%81%ab%e3%81%88"},"modified":"2026-02-11T00:41:20","modified_gmt":"2026-02-10T15:41:20","slug":"%e3%82%b6%e3%83%bb%e3%83%ac%e2%97%8f%e3%83%97-%e9%bb%92%e4%ba%ba%e3%81%ae%e3%81%84%e3%81%91%e3%81%ab%e3%81%88","status":"publish","type":"product","link":"https:\/\/mosaicdouga.com\/?product=%e3%82%b6%e3%83%bb%e3%83%ac%e2%97%8f%e3%83%97-%e9%bb%92%e4%ba%ba%e3%81%ae%e3%81%84%e3%81%91%e3%81%ab%e3%81%88","title":{"rendered":"\u30b6\u30fb\u30ec\u25cf\u30d7 \u9ed2\u4eba\u306e\u3044\u3051\u306b\u3048"},"content":{"rendered":"<p>\u771f\u9ed2\u30c1\u25cb\u30dd\u304c\u79c1\u306e\u30aa\u25cb\u25cb\u30b3\u306b\u5165\u308a\u304d\u3089\u305a\u306b\u51fa\u3057\u5165\u308c\u3057\u3066\u308b\u306e\u3082\u4e38\u898b\u3048\uff01\uff01\u3042\uff5e\u3001\u3053\u3093\u306a\u306b\u30aa\u25cb\u25cb\u30b3\u3092\u30ae\u30c3\u30c1\u30ea\u57cb\u3081\u3089\u308c\u6289\u3089\u308c\u308b\u306e\u521d\u3081\u3066\u3060\u304b\u3089\u6d99\u304c\u3067\u308b\u307b\u3069\u00d7\u00d7\u00d7\uff01\uff01\u672a\u6210\u719f\u306e\u5973\u25cb\u6821\u751f\u306e\u6027\u5668\u306b\u5316\u3051\u7269\u3058\u307f\u305f\u8d85\u592a\u68d2\u3092\u637b\u3058\u8fbc\u307e\u308c\u82e6\u75db\u306e\u3042\u307e\u308a\u5931\u795e\u5bf8\u524d\uff01\uff01\u7279\u96c6\uff1a\u7dcf\u5408AV\u30b0\u30eb\u30fc\u30d7\u3010\u5984\u60f3\u65cf\u3011\u304a\u3059\u3059\u3081\u306f\u3053\u308c\u3060\u3063\uff01<\/p>\n","protected":false},"excerpt":{"rendered":"<p>\u5973\u512a\uff1a\u3000\u767a\u58f2\u65e52023\/10\/24\u3000\u6642\u9593230\u5206\u3000\u30ec\u30fc\u30d9\u30eb\uff1a\u6fe1\u58fa\/\u5984\u60f3\u65cf\u3000\u30b7\u30ea\u30fc\u30ba\uff1a\u3000\u76e3\u7763\uff1a<\/p>\n","protected":false},"featured_media":44726,"comment_status":"open","ping_status":"closed","template":"","meta":[],"product_brand":[1786],"product_cat":[17972],"product_tag":[1561,1247,1201,269,4736,1342],"class_list":{"0":"post-180923","1":"product","2":"type-product","3":"status-publish","4":"has-post-thumbnail","6":"product_brand-1786","7":"product_cat-17972","8":"product_tag-1561","9":"product_tag-1247","10":"product_tag-1201","11":"product_tag-269","12":"product_tag-4736","13":"product_tag-1342","15":"first","16":"instock","17":"shipping-taxable","18":"purchasable","19":"product-type-simple"},"_links":{"self":[{"href":"https:\/\/mosaicdouga.com\/index.php?rest_route=\/wp\/v2\/product\/180923","targetHints":{"allow":["GET"]}}],"collection":[{"href":"https:\/\/mosaicdouga.com\/index.php?rest_route=\/wp\/v2\/product"}],"about":[{"href":"https:\/\/mosaicdouga.com\/index.php?rest_route=\/wp\/v2\/types\/product"}],"replies":[{"embeddable":true,"href":"https:\/\/mosaicdouga.com\/index.php?rest_route=%2Fwp%2Fv2%2Fcomments&post=180923"}],"wp:featuredmedia":[{"embeddable":true,"href":"https:\/\/mosaicdouga.com\/index.php?rest_route=\/wp\/v2\/media\/44726"}],"wp:attachment":[{"href":"https:\/\/mosaicdouga.com\/index.php?rest_route=%2Fwp%2Fv2%2Fmedia&parent=180923"}],"wp:term":[{"taxonomy":"product_brand","embeddable":true,"href":"https:\/\/mosaicdouga.com\/index.php?rest_route=%2Fwp%2Fv2%2Fproduct_brand&post=180923"},{"taxonomy":"product_cat","embeddable":true,"href":"https:\/\/mosaicdouga.com\/index.php?rest_route=%2Fwp%2Fv2%2Fproduct_cat&post=180923"},{"taxonomy":"product_tag","embeddable":true,"href":"https:\/\/mosaicdouga.com\/index.php?rest_route=%2Fwp%2Fv2%2Fproduct_tag&post=180923"}],"curies":[{"name":"wp","href":"https:\/\/api.w.org\/{rel}","templated":true}]}}