{"id":202996,"date":"2025-10-09T06:21:40","date_gmt":"2025-10-08T21:21:40","guid":{"rendered":"https:\/\/mosaicdouga.com\/?product=%e3%80%8cav%e7%84%a1%e7%90%86%e3%80%8d%e3%81%86%e3%82%89%e3%82%89%ef%bc%88%e4%bb%ae%ef%bc%89%e8%82%b2%e3%81%a1%e7%9b%9b%e3%82%8a%e5%9c%b0%e5%91%b3%e5%a8%98%e3%81%ae%e6%bf%80%e6%9f%94h%e3%82%ab"},"modified":"2026-02-11T00:13:53","modified_gmt":"2026-02-10T15:13:53","slug":"%e3%80%8cav%e7%84%a1%e7%90%86%e3%80%8d%e3%81%86%e3%82%89%e3%82%89%ef%bc%88%e4%bb%ae%ef%bc%89%e8%82%b2%e3%81%a1%e7%9b%9b%e3%82%8a%e5%9c%b0%e5%91%b3%e5%a8%98%e3%81%ae%e6%bf%80%e6%9f%94h%e3%82%ab","status":"publish","type":"product","link":"https:\/\/mosaicdouga.com\/?product=%e3%80%8cav%e7%84%a1%e7%90%86%e3%80%8d%e3%81%86%e3%82%89%e3%82%89%ef%bc%88%e4%bb%ae%ef%bc%89%e8%82%b2%e3%81%a1%e7%9b%9b%e3%82%8a%e5%9c%b0%e5%91%b3%e5%a8%98%e3%81%ae%e6%bf%80%e6%9f%94h%e3%82%ab","title":{"rendered":"\u300cAV\u7121\u7406\u300d\u3046\u3089\u3089\uff08\u4eee\uff09\u80b2\u3061\u76db\u308a\u5730\u5473\u5a18\u306e\u6fc0\u67d4H\u30ab\u30c3\u30d7\u304a\u3063\u3071\u3044\u30e0\u30c1\u30e3\u30af\u30c1\u30e3\u7a62\u3057\u63c9\u307f \u7b39\u539f\u3046\u3089\u3089"},"content":{"rendered":"<p>    \u6d0b\u670d\u3092\u7740\u3066\u3044\u3066\u3082\u308f\u304b\u308b\u7206\u4e73\u3068\u30a2\u30f3\u30d0\u30e9\u30f3\u30b9\u306a\u7ae5\u9854\u3002\u4eca\u58f2\u308a\u51fa\u3057\u4e2d\u306eH\u30ab\u30c3\u30d7\u30b0\u30e9\u30c9\u30eb\u306b\u64ae\u5f71\u3092\u4f9d\u983c\u3002\u7528\u610f\u3057\u305f\u8863\u88c5\u3092\u7740\u3066\u3082\u3089\u3044\u3001\u76e3\u7763\u304b\u3089\u6307\u793a\u3092\u5f85\u3064\u5f7c\u5973\u3002\u3042\u305f\u3075\u305f\u3057\u3064\u3064\u3082\u7b11\u9854\u3092\u7d9a\u3051\u308b\u5f7c\u5973\u306e\u30ab\u30e9\u30c0\u306b\u30a4\u30bf\u30ba\u30e9\u958b\u59cb\u3002\u4f55\u3082\u8a00\u3063\u3066\u3053\u306a\u3044\u304b\u3089\u30a4\u30bf\u30ba\u30e9\u3092\u30a8\u30b9\u30ab\u30ec\u30fc\u30c8\u3055\u305b\u308b\u3068\u3046\u3063\u3059\u3089\u5410\u606f\u3092\u5410\u304d\u51fa\u3057\u306f\u3058\u3081\u305f\u3002\u3053\u308c\u306f\u30c1\u30e3\u30f3\u30b9\u3068\u3070\u304b\u308a\u306b\u30ca\u30de\u4e73\u63c9\u307f\u3057\u3060\u304d\u3001\u6700\u5f8c\u306f\u00d7\u00d7\u00d7\u3002                \u3053\u306e\u5546\u54c1\u306f2023\/03\/26\u4ee5\u964d\u3001\u3054\u4e88\u7d04\u6ce8\u6587\u306e\u5206\u5272\u30fb\u307e\u3068\u3081\u3084\u30ad\u30e3\u30f3\u30bb\u30eb\u304c\u3067\u304d\u307e\u305b\u3093            \u300c\u307e\u3068\u3081\/\u5206\u5272\u300d\u6a5f\u80fd\u5bfe\u8c61\u5916\u5546\u54c1\u3067\u3059\u3002\u8a73\u3057\u304f\u306f\u3053\u3061\u3089\u3092\u3054\u89a7\u304f\u3060\u3055\u3044\u3002\u7279\u5178\u30fb\u30bb\u30c3\u30c8\u5546\u54c1\u60c5\u5831FANZA\u9650\u5b9a\u7279\u5178\u304c\u4ed8\u3044\u3066\u304f\u308b\uff01\u7b39\u539f\u3046\u3089\u3089\u3055\u3093\u306e\u751f\u5199\u771f3\u679a\u304c\u4ed8\u3044\u3066\u304f\u308b\u6570\u91cf\u9650\u5b9a\u7248\uff01\u521d\u56de\u7248\u30fb\u9650\u5b9a\u7248\u30fb\u4e88\u7d04\u5546\u54c1\u30fb\u7279\u5178\u4ed8\u304d\u5546\u54c1\u30fb\u30bb\u30c3\u30c8\u5546\u54c1\u306b\u95a2\u3059\u308b\u3054\u6ce8\u610f\u7279\u5178\u30fb\u30bb\u30c3\u30c8\u5546\u54c1\u30a4\u30e1\u30fc\u30b8<\/p>\n","protected":false},"excerpt":{"rendered":"<p>\u5973\u512a\uff1a\u7b39\u539f\u3046\u3089\u3089\u3000\u767a\u58f2\u65e52023\/4\/5\u3000\u6642\u9593120\u5206\u3000\u30ec\u30fc\u30d9\u30eb\uff1a\u672a\u6e80\u3000\u30b7\u30ea\u30fc\u30ba\uff1aAV\u7121\u7406\u3000\u76e3\u7763\uff1a<\/p>\n","protected":false},"featured_media":55393,"comment_status":"open","ping_status":"closed","template":"","meta":[],"product_brand":[1706],"product_cat":[17966],"product_tag":[8375,256,1338,230,254,7689,1255,240],"class_list":{"0":"post-202996","1":"product","2":"type-product","3":"status-publish","4":"has-post-thumbnail","6":"product_brand-1706","7":"product_cat-17966","8":"product_tag-8375","9":"product_tag-256","10":"product_tag-1338","11":"product_tag-230","12":"product_tag-254","13":"product_tag-7689","14":"product_tag-1255","15":"product_tag-240","17":"first","18":"instock","19":"shipping-taxable","20":"purchasable","21":"product-type-simple"},"_links":{"self":[{"href":"https:\/\/mosaicdouga.com\/index.php?rest_route=\/wp\/v2\/product\/202996","targetHints":{"allow":["GET"]}}],"collection":[{"href":"https:\/\/mosaicdouga.com\/index.php?rest_route=\/wp\/v2\/product"}],"about":[{"href":"https:\/\/mosaicdouga.com\/index.php?rest_route=\/wp\/v2\/types\/product"}],"replies":[{"embeddable":true,"href":"https:\/\/mosaicdouga.com\/index.php?rest_route=%2Fwp%2Fv2%2Fcomments&post=202996"}],"wp:featuredmedia":[{"embeddable":true,"href":"https:\/\/mosaicdouga.com\/index.php?rest_route=\/wp\/v2\/media\/55393"}],"wp:attachment":[{"href":"https:\/\/mosaicdouga.com\/index.php?rest_route=%2Fwp%2Fv2%2Fmedia&parent=202996"}],"wp:term":[{"taxonomy":"product_brand","embeddable":true,"href":"https:\/\/mosaicdouga.com\/index.php?rest_route=%2Fwp%2Fv2%2Fproduct_brand&post=202996"},{"taxonomy":"product_cat","embeddable":true,"href":"https:\/\/mosaicdouga.com\/index.php?rest_route=%2Fwp%2Fv2%2Fproduct_cat&post=202996"},{"taxonomy":"product_tag","embeddable":true,"href":"https:\/\/mosaicdouga.com\/index.php?rest_route=%2Fwp%2Fv2%2Fproduct_tag&post=202996"}],"curies":[{"name":"wp","href":"https:\/\/api.w.org\/{rel}","templated":true}]}}