{"id":287022,"date":"2025-12-06T22:11:54","date_gmt":"2025-12-06T13:11:54","guid":{"rendered":"https:\/\/mosaicdouga.com\/?product=%e3%82%a6%e3%83%a9%ef%bc%88%e8%a3%8f%ef%bc%89%e3%82%b7%e3%83%a7%e3%83%83%e3%82%af"},"modified":"2025-12-06T22:12:04","modified_gmt":"2025-12-06T13:12:04","slug":"%e3%82%a6%e3%83%a9%ef%bc%88%e8%a3%8f%ef%bc%89%e3%82%b7%e3%83%a7%e3%83%83%e3%82%af","status":"publish","type":"product","link":"https:\/\/mosaicdouga.com\/?product=%e3%82%a6%e3%83%a9%ef%bc%88%e8%a3%8f%ef%bc%89%e3%82%b7%e3%83%a7%e3%83%83%e3%82%af","title":{"rendered":"\u30a6\u30e9\uff08\u88cf\uff09\u30b7\u30e7\u30c3\u30af"},"content":{"rendered":"<p>\u3053\u3093\u306a\u7740\u30a8\u30ed\u898b\u305f\u3053\u3068\u306a\u3044\uff01\uff1f\u9650\u754c\u3092\u8d85\u3048\u3061\u3083\u3063\u305f\u30a2\u30a4\u30c9\u30eb\u305f\u3061\u306e\u3042\u3093\u306a\u88cf\u5074\u3001\u3053\u3093\u306a\u00d7\u00d7\u00d7\u3059\u3079\u3066\u9b45\u305b\u307e\u3059\u3002\u606f\u3092\u5451\u3080\u30a8\u30ed\u3044\u30ab\u30e9\u30c0\u3001\u305f\u3081\u606f\u304c\u3067\u308b\u53ef\u611b\u3055\u306b\u601d\u308f\u305a\u30a4\u30c3\u3061\u3083\u3046\u3053\u3068\u307e\u3061\u304c\u3044\u306a\u3057\uff01\u3053\u308c\u306f\u30b9\u30b4\u30a4\u3002<\/p>\n","protected":false},"excerpt":{"rendered":"<p>\u5973\u512a\uff1a\u767d\u77f3\u7f8e\u512a\u3000\u9ed2\u6728\u68a8\u6c99\u3000\u7f8e\u795e\u611b\u3000\u85e4\u679d\u5948\u7f8e\u3000\u767a\u58f2\u65e52010\/2\/4\u3000\u6642\u9593140\u5206\u3000\u30ec\u30fc\u30d9\u30eb\uff1a\u30b0\u30e9\u30de\u30e9\u30b9\u30ad\u30e3\u30f3\u30c7\u30a3\u3000\u30b7\u30ea\u30fc\u30ba\uff1a\u3000\u76e3\u7763\uff1a<\/p>\n","protected":false},"featured_media":287021,"comment_status":"open","ping_status":"closed","template":"","meta":[],"product_brand":[13685],"product_cat":[16],"product_tag":[],"class_list":{"0":"post-287022","1":"product","2":"type-product","3":"status-publish","4":"has-post-thumbnail","6":"product_brand-13685","7":"product_cat-uncategorized","9":"first","10":"instock","11":"shipping-taxable","12":"purchasable","13":"product-type-simple"},"_links":{"self":[{"href":"https:\/\/mosaicdouga.com\/index.php?rest_route=\/wp\/v2\/product\/287022","targetHints":{"allow":["GET"]}}],"collection":[{"href":"https:\/\/mosaicdouga.com\/index.php?rest_route=\/wp\/v2\/product"}],"about":[{"href":"https:\/\/mosaicdouga.com\/index.php?rest_route=\/wp\/v2\/types\/product"}],"replies":[{"embeddable":true,"href":"https:\/\/mosaicdouga.com\/index.php?rest_route=%2Fwp%2Fv2%2Fcomments&post=287022"}],"wp:featuredmedia":[{"embeddable":true,"href":"https:\/\/mosaicdouga.com\/index.php?rest_route=\/wp\/v2\/media\/287021"}],"wp:attachment":[{"href":"https:\/\/mosaicdouga.com\/index.php?rest_route=%2Fwp%2Fv2%2Fmedia&parent=287022"}],"wp:term":[{"taxonomy":"product_brand","embeddable":true,"href":"https:\/\/mosaicdouga.com\/index.php?rest_route=%2Fwp%2Fv2%2Fproduct_brand&post=287022"},{"taxonomy":"product_cat","embeddable":true,"href":"https:\/\/mosaicdouga.com\/index.php?rest_route=%2Fwp%2Fv2%2Fproduct_cat&post=287022"},{"taxonomy":"product_tag","embeddable":true,"href":"https:\/\/mosaicdouga.com\/index.php?rest_route=%2Fwp%2Fv2%2Fproduct_tag&post=287022"}],"curies":[{"name":"wp","href":"https:\/\/api.w.org\/{rel}","templated":true}]}}