{"id":287350,"date":"2025-12-06T22:57:30","date_gmt":"2025-12-06T13:57:30","guid":{"rendered":"https:\/\/mosaicdouga.com\/?product=%e6%96%b0-max%e3%83%94%e3%83%b3%e3%82%af%e3%83%95%e3%82%a1%e3%82%a4%e3%83%ab-%e4%ba%8c%e5%ae%ae%e6%b2%99%e6%a8%b9"},"modified":"2025-12-06T22:57:43","modified_gmt":"2025-12-06T13:57:43","slug":"%e6%96%b0-max%e3%83%94%e3%83%b3%e3%82%af%e3%83%95%e3%82%a1%e3%82%a4%e3%83%ab-%e4%ba%8c%e5%ae%ae%e6%b2%99%e6%a8%b9","status":"publish","type":"product","link":"https:\/\/mosaicdouga.com\/?product=%e6%96%b0-max%e3%83%94%e3%83%b3%e3%82%af%e3%83%95%e3%82%a1%e3%82%a4%e3%83%ab-%e4%ba%8c%e5%ae%ae%e6%b2%99%e6%a8%b9","title":{"rendered":"\u65b0 MAX\u30d4\u30f3\u30af\u30d5\u30a1\u30a4\u30eb \u4e8c\u5bae\u6c99\u6a39"},"content":{"rendered":"<p>\u30cc\u30ad\u6240\u6620\u50cf\u3092\u53b3\u9078\u3057\u3001\u30aa\u30e0\u30cb\u30d0\u30b9\u5316\u3057\u305f\u30b7\u30ea\u30fc\u30ba\u300e\u30d4\u30f3\u30af\u30d5\u30a1\u30a4\u30eb\u300f\u304c\u66f4\u306b\u9032\u5316\u3092\u9042\u3052\u3066\u30ea\u30cb\u30e5\u30fc\u30a2\u30eb\uff01\u65e7\u5be9\u67fb\u30e2\u30b6\u30a4\u30af\u3067\u96a0\u308c\u3066\u305f\u4eba\u6c17\u5973\u512a\u306e\u00d7\u00d7\u00d7\u3082\u30b9\u30fc\u30d1\u30fc\u30a2\u30ca\u30e9\u30a4\u30b6\u30fc\u30e2\u30b6\u30a4\u30af\u3067\u9bae\u660e\u306b\u89e3\u7981\uff01\u611b\u3089\u3057\u3044\u30ed\u30ea\u30ed\u30ea\u30d5\u30a7\u30a4\u30b9\u3067\u73fe\u5728\u3082\u7b2c\u4e00\u7dda\u3067\u6d3b\u8e8d\u3059\u308b\u2018\u4e8c\u5bae\u6c99\u6a39\u2019\u304c\u767b\u5834\u30c3\uff01\u5f53\u6642\u30ec\u30fc\u30b9\u30af\u30a3\u30fc\u30f3\u304b\u3089AV\u3078\u8ee2\u8eab\u3057\u3001\u8a71\u984c\u3092\u6d5a\u3063\u305f\u300e\u4e8c\u5bae\u6c99\u6a39\u300f\u3092\u7a74\u307e\u3067\u30bf\u30c3\u30d7\u30ea\u3054\u582a\u80fd\u304f\u3060\u3055\u3044\uff01\uff01<\/p>\n","protected":false},"excerpt":{"rendered":"<p>\u5973\u512a\uff1a\u4e8c\u5bae\u6c99\u6a39\u3000\u767a\u58f2\u65e52010\/2\/12\u3000\u6642\u9593240\u5206\u3000\u30ec\u30fc\u30d9\u30eb\uff1aMAX Pink\u3000\u30b7\u30ea\u30fc\u30ba\uff1aMAX \u30d4\u30f3\u30af\u30d5\u30a1\u30a4\u30eb\u3000\u76e3\u7763\uff1a\u30de\u30c3\u30af\u30b9\u4e2d\u672c<\/p>\n","protected":false},"featured_media":287349,"comment_status":"open","ping_status":"closed","template":"","meta":[],"product_brand":[1587],"product_cat":[16],"product_tag":[1240,1283,230,251,239],"class_list":{"0":"post-287350","1":"product","2":"type-product","3":"status-publish","4":"has-post-thumbnail","6":"product_brand-1587","7":"product_cat-uncategorized","8":"product_tag-1240","9":"product_tag-1283","10":"product_tag-230","11":"product_tag-251","12":"product_tag-239","14":"first","15":"instock","16":"shipping-taxable","17":"purchasable","18":"product-type-simple"},"_links":{"self":[{"href":"https:\/\/mosaicdouga.com\/index.php?rest_route=\/wp\/v2\/product\/287350","targetHints":{"allow":["GET"]}}],"collection":[{"href":"https:\/\/mosaicdouga.com\/index.php?rest_route=\/wp\/v2\/product"}],"about":[{"href":"https:\/\/mosaicdouga.com\/index.php?rest_route=\/wp\/v2\/types\/product"}],"replies":[{"embeddable":true,"href":"https:\/\/mosaicdouga.com\/index.php?rest_route=%2Fwp%2Fv2%2Fcomments&post=287350"}],"wp:featuredmedia":[{"embeddable":true,"href":"https:\/\/mosaicdouga.com\/index.php?rest_route=\/wp\/v2\/media\/287349"}],"wp:attachment":[{"href":"https:\/\/mosaicdouga.com\/index.php?rest_route=%2Fwp%2Fv2%2Fmedia&parent=287350"}],"wp:term":[{"taxonomy":"product_brand","embeddable":true,"href":"https:\/\/mosaicdouga.com\/index.php?rest_route=%2Fwp%2Fv2%2Fproduct_brand&post=287350"},{"taxonomy":"product_cat","embeddable":true,"href":"https:\/\/mosaicdouga.com\/index.php?rest_route=%2Fwp%2Fv2%2Fproduct_cat&post=287350"},{"taxonomy":"product_tag","embeddable":true,"href":"https:\/\/mosaicdouga.com\/index.php?rest_route=%2Fwp%2Fv2%2Fproduct_tag&post=287350"}],"curies":[{"name":"wp","href":"https:\/\/api.w.org\/{rel}","templated":true}]}}