{"id":288747,"date":"2025-12-07T02:05:15","date_gmt":"2025-12-06T17:05:15","guid":{"rendered":"https:\/\/mosaicdouga.com\/?product=%e6%96%b0-max%e3%83%94%e3%83%b3%e3%82%af%e3%83%95%e3%82%a1%e3%82%a4%e3%83%ab-%e4%bc%8a%e6%9d%b1%e6%80%9c"},"modified":"2025-12-07T02:05:28","modified_gmt":"2025-12-06T17:05:28","slug":"%e6%96%b0-max%e3%83%94%e3%83%b3%e3%82%af%e3%83%95%e3%82%a1%e3%82%a4%e3%83%ab-%e4%bc%8a%e6%9d%b1%e6%80%9c","status":"publish","type":"product","link":"https:\/\/mosaicdouga.com\/?product=%e6%96%b0-max%e3%83%94%e3%83%b3%e3%82%af%e3%83%95%e3%82%a1%e3%82%a4%e3%83%ab-%e4%bc%8a%e6%9d%b1%e6%80%9c","title":{"rendered":"\u65b0 MAX\u30d4\u30f3\u30af\u30d5\u30a1\u30a4\u30eb \u4f0a\u6771\u601c"},"content":{"rendered":"<p>\u30cc\u30ad\u6240\u6620\u50cf\u3092\u53b3\u9078\u3057\u3001\u30aa\u30e0\u30cb\u30d0\u30b9\u5316\u3057\u305f\u30b7\u30ea\u30fc\u30ba\u300e\u30d4\u30f3\u30af\u30d5\u30a1\u30a4\u30eb\u300f\u304c\u66f4\u306b\u9032\u5316\u3092\u9042\u3052\u3066\u30ea\u30cb\u30e5\u30fc\u30a2\u30eb\uff01\uff01\u6d3b\u8e8d\u5f53\u6642\u3001\u30e2\u30b6\u30a4\u30af\u3067\u96a0\u308c\u3066\u3044\u305f\u5f15\u9000\u5973\u512a\u306e\u00d7\u00d7\u00d7\u3082\u30b9\u30fc\u30d1\u30fc\u30a2\u30ca\u30e9\u30a4\u30b6\u30fc\u30e2\u30b6\u30a4\u30af\u3067\u9bae\u660e\u306b\u89e3\u7981\uff01\uff01\u9ad8\u3044\u67d4\u8edf\u6027\u3068\u30b7\u30e3\u30fc\u30d7\u306a\u30dc\u30c7\u30a3\u30e9\u30a4\u30f3\u3001\u904e\u6fc0\u306aFUCK\u3067\u696d\u754c\u30c8\u30c3\u30d7\u30af\u30e9\u30b9\u306e\u4eba\u6c17\u3092\u8a87\u3063\u3066\u3044\u305f\u3002 \u30af\u30fc\u30eb\u30d3\u30e5\u30fc\u30c6\u30a3\u300e\u4f0a\u6771\u601c\u300f\u3092\u7a74\u307e\u3067\u30bf\u30c3\u30d7\u30ea\u3054\u582a\u80fd\u304f\u3060\u3055\u3044\uff01\uff01<\/p>\n","protected":false},"excerpt":{"rendered":"<p>\u5973\u512a\uff1a\u4f0a\u6771\u601c\u3000\u767a\u58f2\u65e52010\/3\/12\u3000\u6642\u9593240\u5206\u3000\u30ec\u30fc\u30d9\u30eb\uff1aMAX Pink\u3000\u30b7\u30ea\u30fc\u30ba\uff1aMAX \u30d4\u30f3\u30af\u30d5\u30a1\u30a4\u30eb\u3000\u76e3\u7763\uff1a\u30de\u30c3\u30af\u30b9\u4e2d\u672c<\/p>\n","protected":false},"featured_media":288746,"comment_status":"open","ping_status":"closed","template":"","meta":[],"product_brand":[1587],"product_cat":[16],"product_tag":[1437,1240,230,1228],"class_list":{"0":"post-288747","1":"product","2":"type-product","3":"status-publish","4":"has-post-thumbnail","6":"product_brand-1587","7":"product_cat-uncategorized","8":"product_tag-1437","9":"product_tag-1240","10":"product_tag-230","11":"product_tag-1228","13":"first","14":"instock","15":"shipping-taxable","16":"purchasable","17":"product-type-simple"},"_links":{"self":[{"href":"https:\/\/mosaicdouga.com\/index.php?rest_route=\/wp\/v2\/product\/288747","targetHints":{"allow":["GET"]}}],"collection":[{"href":"https:\/\/mosaicdouga.com\/index.php?rest_route=\/wp\/v2\/product"}],"about":[{"href":"https:\/\/mosaicdouga.com\/index.php?rest_route=\/wp\/v2\/types\/product"}],"replies":[{"embeddable":true,"href":"https:\/\/mosaicdouga.com\/index.php?rest_route=%2Fwp%2Fv2%2Fcomments&post=288747"}],"wp:featuredmedia":[{"embeddable":true,"href":"https:\/\/mosaicdouga.com\/index.php?rest_route=\/wp\/v2\/media\/288746"}],"wp:attachment":[{"href":"https:\/\/mosaicdouga.com\/index.php?rest_route=%2Fwp%2Fv2%2Fmedia&parent=288747"}],"wp:term":[{"taxonomy":"product_brand","embeddable":true,"href":"https:\/\/mosaicdouga.com\/index.php?rest_route=%2Fwp%2Fv2%2Fproduct_brand&post=288747"},{"taxonomy":"product_cat","embeddable":true,"href":"https:\/\/mosaicdouga.com\/index.php?rest_route=%2Fwp%2Fv2%2Fproduct_cat&post=288747"},{"taxonomy":"product_tag","embeddable":true,"href":"https:\/\/mosaicdouga.com\/index.php?rest_route=%2Fwp%2Fv2%2Fproduct_tag&post=288747"}],"curies":[{"name":"wp","href":"https:\/\/api.w.org\/{rel}","templated":true}]}}